{"id":31063,"date":"2018-11-12T16:24:44","date_gmt":"2018-11-12T21:24:44","guid":{"rendered":"https:\/\/www.cogep.com\/?page_id=31063"},"modified":"2022-09-26T09:29:20","modified_gmt":"2022-09-26T13:29:20","slug":"processus-de-fiabilite","status":"publish","type":"page","link":"https:\/\/www.cogep.com\/fr\/processus-de-fiabilite\/","title":{"rendered":"Processus de fiabilit\u00e9"},"content":{"rendered":"<div class=\"fusion-fullwidth fullwidth-box fusion-builder-row-1 fusion-flex-container nonhundred-percent-fullwidth non-hundred-percent-height-scrolling\" style=\"--awb-border-radius-top-left:0px;--awb-border-radius-top-right:0px;--awb-border-radius-bottom-right:0px;--awb-border-radius-bottom-left:0px;--awb-flex-wrap:wrap;\" ><div class=\"fusion-builder-row fusion-row fusion-flex-align-items-flex-start fusion-flex-content-wrap\" style=\"max-width:1248px;margin-left: calc(-4% \/ 2 );margin-right: calc(-4% \/ 2 );\"><div class=\"fusion-layout-column fusion_builder_column fusion-builder-column-0 fusion_builder_column_1_1 1_1 fusion-flex-column\" style=\"--awb-bg-blend:overlay;--awb-bg-size:cover;--awb-width-large:100%;--awb-margin-top-large:0px;--awb-spacing-right-large:1.92%;--awb-margin-bottom-large:0px;--awb-spacing-left-large:1.92%;--awb-width-medium:100%;--awb-spacing-right-medium:1.92%;--awb-spacing-left-medium:1.92%;--awb-width-small:100%;--awb-spacing-right-small:1.92%;--awb-spacing-left-small:1.92%;\"><div class=\"fusion-column-wrapper fusion-flex-justify-content-flex-start fusion-content-layout-column\"><div class=\"fusion-text fusion-text-1\"><h1 style=\"text-align: center;\">Guide Ti est la meilleure solution de maintenance avanc\u00e9e pour soutenir votre processus de fiabilit\u00e9.<\/h1>\n<p style=\"text-align: center;\"><strong><em>-Vous pouvez facilement recueillir des donn\u00e9es et cr\u00e9er des rapports pour l&rsquo;analyse de la fiabilit\u00e9 dans la GMAO Guide Ti.<\/em><\/strong><\/p>\n<p><em>La cl\u00e9 du succ\u00e8s est d&rsquo;avoir de bonnes donn\u00e9es pour r\u00e9aliser des analyses pertinentes. Et pour recueillir ces donn\u00e9es, vous avez besoin d&rsquo;une solution flexible et facile \u00e0 utiliser par toute votre \u00e9quipe de maintenance..<\/em><\/p>\n<p>Guide Ti de COGEP permet de g\u00e9rer les champs visibles et obligatoires que chacun des profils d&rsquo;utilisateur utilisent pour les \u00e9quipements, les pi\u00e8ces et les bons de travail. Chacun peut efficacement entrer les donn\u00e9es requises pendant l&rsquo;ex\u00e9cution d&rsquo;une t\u00e2che ou une fois qu&rsquo;elle est termin\u00e9e.<\/p>\n<\/div><\/div><\/div><div class=\"fusion-layout-column fusion_builder_column fusion-builder-column-1 fusion_builder_column_1_2 1_2 fusion-flex-column\" style=\"--awb-bg-blend:overlay;--awb-bg-size:cover;--awb-width-large:50%;--awb-margin-top-large:0px;--awb-spacing-right-large:3.84%;--awb-margin-bottom-large:0px;--awb-spacing-left-large:3.84%;--awb-width-medium:50%;--awb-spacing-right-medium:3.84%;--awb-spacing-left-medium:3.84%;--awb-width-small:100%;--awb-spacing-right-small:1.92%;--awb-spacing-left-small:1.92%;\"><div class=\"fusion-column-wrapper fusion-flex-justify-content-flex-start fusion-content-layout-column\"><div class=\"fusion-text fusion-text-2\"><h2 style=\"text-align: left;\"><strong>Caract\u00e9ristiques uniques<\/strong><\/h2>\n<p><strong>Am\u00e9liorez vos processus de fiabilit\u00e9 :<\/strong><\/p>\n<ul>\n<li>Priorisation automatique des demandes de travail<\/li>\n<li>Alertes et notifications<\/li>\n<li>Suivi des causes (contremesures) apr\u00e8s une panne ou une maintenance pr\u00e9ventive<\/li>\n<li>Criticit\u00e9 des \u00e9quipements<\/li>\n<li>Strat\u00e9gie de maintenance par \u00e9quipement ou composante<\/li>\n<li>Donn\u00e9es de pannes et de d\u00e9faillances \u00e0 analyser<\/li>\n<\/ul>\n<\/div><\/div><\/div><div class=\"fusion-layout-column fusion_builder_column fusion-builder-column-2 fusion_builder_column_1_2 1_2 fusion-flex-column\" style=\"--awb-bg-blend:overlay;--awb-bg-size:cover;--awb-width-large:50%;--awb-margin-top-large:0px;--awb-spacing-right-large:3.84%;--awb-margin-bottom-large:0px;--awb-spacing-left-large:3.84%;--awb-width-medium:50%;--awb-spacing-right-medium:3.84%;--awb-spacing-left-medium:3.84%;--awb-width-small:100%;--awb-spacing-right-small:1.92%;--awb-spacing-left-small:1.92%;\"><div class=\"fusion-column-wrapper fusion-flex-justify-content-flex-start fusion-content-layout-column\"><div class=\"fusion-text fusion-text-3\"><div><strong>\u00a0<\/strong><\/div>\n<div>\n<p><strong>\u00a0<\/strong><\/p>\n<p><strong>Votre \u00e9quipe a le contr\u00f4le \u00e0 100% !<\/strong><\/p>\n<\/div>\n<ul>\n<li>Processus automatis\u00e9s<\/li>\n<li>Syst\u00e8me d&rsquo;appels d&rsquo;urgence<\/li>\n<li>Vue globale de l&rsquo;\u00e9quipement ou des composantes<\/li>\n<li>Tableau de bord avanc\u00e9 personnalisable en temps r\u00e9el<\/li>\n<li>Une solution centralis\u00e9e pour stocker et g\u00e9rer toutes les donn\u00e9es<\/li>\n<li>Analysez, ex\u00e9cutez et contr\u00f4lez en une seule solution int\u00e9gr\u00e9e<\/li>\n<\/ul>\n<h3><\/h3>\n<\/div><\/div><\/div><div class=\"fusion-layout-column fusion_builder_column fusion-builder-column-3 fusion_builder_column_1_1 1_1 fusion-flex-column\" style=\"--awb-bg-blend:overlay;--awb-bg-size:cover;--awb-width-large:100%;--awb-margin-top-large:0px;--awb-spacing-right-large:1.92%;--awb-margin-bottom-large:0px;--awb-spacing-left-large:1.92%;--awb-width-medium:100%;--awb-spacing-right-medium:1.92%;--awb-spacing-left-medium:1.92%;--awb-width-small:100%;--awb-spacing-right-small:1.92%;--awb-spacing-left-small:1.92%;\"><div class=\"fusion-column-wrapper fusion-flex-justify-content-flex-start fusion-content-layout-column\"><div class=\"fusion-text fusion-text-4\"><h3><\/h3>\n<h3 style=\"text-align: center;\"><strong>AJUSTER LE PLAN DE MAINTENANCE ET AM\u00c9LIORER LES PERFORMANCES DES \u00c9QUIPEMENTS GR\u00c2CE AU TABLEAU DE BORD AVANC\u00c9<\/strong><\/h3>\n<p style=\"text-align: left;\"><strong>Les r\u00e9sultats :<\/strong><\/p>\n<ul>\n<li>Un meilleur retour sur investissement<\/li>\n<li>R\u00e9duction des co\u00fbts<\/li>\n<li>Une productivit\u00e9 accrue<\/li>\n<\/ul>\n<p align=\"left\">Montrez les r\u00e9sultats par rapport aux KPIs avec des graphiques. Impressionnez vos patrons avec votre progression vers le sommet de la pyramide de la fiabilit\u00e9 et l&rsquo;impact positif de Guide Ti sur la production.<\/p>\n<h4><\/h4>\n<h4 style=\"text-align: left;\"><b>Un tableau de bord facile \u00e0 personnaliser.<\/b><\/h4>\n<p style=\"text-align: left;\"><em>Le module Dynamic Dashboard affiche les indicateurs de l&rsquo;utilisateur sur les situations importantes, les tendances et les anomalies.<\/em><\/p>\n<ul>\n<li style=\"text-align: left;\">Faites votre analyse \u00e0 l&rsquo;aide d&rsquo;une vari\u00e9t\u00e9 d&rsquo;indicateurs de performance qui incluent les performances historiques et les donn\u00e9es de r\u00e9f\u00e9rence de la ligne de production..<\/li>\n<li style=\"text-align: left;\">Gr\u00e2ce \u00e0 la possibilit\u00e9 d&rsquo;analyses avanc\u00e9es comme data mining, vous trouverez des d\u00e9tails reliant vos performances \u00e0 la causalit\u00e9.<\/li>\n<\/ul>\n<h3><\/h3>\n<h3 style=\"text-align: center;\"><\/h3>\n<h3 style=\"text-align: center;\"><strong>BIENVENUE DANS L&rsquo;INDUSTRIE 4.0 et l&rsquo;IoT<\/strong><\/h3>\n<p style=\"text-align: center;\">Connectez facilement Guide Ti \u00e0 vos capteurs de donn\u00e9es, vos syst\u00e8mes de contr\u00f4le et de suivi d\u2019\u00e9quipement.<\/p>\n<\/div><\/div><\/div><div class=\"fusion-layout-column fusion_builder_column fusion-builder-column-4 fusion_builder_column_1_2 1_2 fusion-flex-column\" style=\"--awb-bg-blend:overlay;--awb-bg-size:cover;--awb-width-large:50%;--awb-margin-top-large:0px;--awb-spacing-right-large:3.84%;--awb-margin-bottom-large:0px;--awb-spacing-left-large:3.84%;--awb-width-medium:50%;--awb-spacing-right-medium:3.84%;--awb-spacing-left-medium:3.84%;--awb-width-small:100%;--awb-spacing-right-small:1.92%;--awb-spacing-left-small:1.92%;\"><div class=\"fusion-column-wrapper fusion-flex-justify-content-flex-start fusion-content-layout-column\"><div class=\"fusion-text fusion-text-5\"><h3><\/h3>\n<p><strong style=\"color: #4a4e57;\">LA MISE EN \u0152UVRE DE GUIDE TI PROFITE \u00c0 L&rsquo;ENSEMBLE DE L&rsquo;ENTREPRISE !<\/strong><\/p>\n<ul>\n<li style=\"text-align: left;\">Attachez les proc\u00e9dures de sant\u00e9 et de s\u00e9curit\u00e9 aux bons de travail.<\/li>\n<li style=\"text-align: left;\">Transf\u00e9rer les co\u00fbts dans les ERP et les syst\u00e8mes financiers comme SAP, JDE, Oracle, Sage et Microsoft Dynamics.<\/li>\n<li style=\"text-align: left;\">Personnaliser et cr\u00e9er des champs dans Guide Ti sans l&rsquo;aide du d\u00e9partement informatique.<\/li>\n<\/ul>\n<h3 style=\"text-align: center;\"><\/h3>\n<\/div><\/div><\/div><div class=\"fusion-layout-column fusion_builder_column fusion-builder-column-5 fusion_builder_column_1_2 1_2 fusion-flex-column\" style=\"--awb-bg-blend:overlay;--awb-bg-size:cover;--awb-width-large:50%;--awb-margin-top-large:0px;--awb-spacing-right-large:3.84%;--awb-margin-bottom-large:0px;--awb-spacing-left-large:3.84%;--awb-width-medium:50%;--awb-spacing-right-medium:3.84%;--awb-spacing-left-medium:3.84%;--awb-width-small:100%;--awb-spacing-right-small:1.92%;--awb-spacing-left-small:1.92%;\"><div class=\"fusion-column-wrapper fusion-flex-justify-content-flex-start fusion-content-layout-column\"><div class=\"fusion-text fusion-text-6\"><h3><\/h3>\n<p><b>Guide Ti est un logiciel de gestion de la maintenance assist\u00e9e par ordinateur &#8211; GMAO<\/b><\/p>\n<p>Le logiciel de gestion de la maintenance assist\u00e9e par ordinateur (GMAO) Guide Ti vous aide \u00e0 <a href=\"https:\/\/www.cogep.com\/fr\/gestion-des-actifs\/\">g\u00e9rer vos actifs<\/a>, vos <a href=\"https:\/\/www.cogep.com\/fr\/gestion-des-bons-de-travail\/\">bons de travail<\/a>, \u00e0<a href=\"https:\/\/www.cogep.com\/fr\/planification-et-ordonnancement\/\"> planifier et \u00e0 programmer<\/a> les <a href=\"https:\/\/www.cogep.com\/fr\/gestion-des-bons-de-travail\/\">r\u00e9parations urgentes et les t\u00e2ches pr\u00e9ventives<\/a>, \u00e0 <a href=\"https:\/\/www.cogep.com\/fr\/achat-et-inventaire-des-pieces\/\">g\u00e9rer l&rsquo;approvisionnement en pi\u00e8ces de rechange<\/a> et \u00e0 <a href=\"https:\/\/www.cogep.com\/fr\/rapports-et-indicateurs-de-performance\/\">cr\u00e9er des rapports d\u00e9taill\u00e9s<\/a>. Il vous aide \u00e0 <a href=\"https:\/\/www.cogep.com\/fr\/gestion-du-budget-de-maintenance\/\">g\u00e9rer votre budget<\/a> <a href=\"https:\/\/www.cogep.com\/fr\/gestion-du-budget-de-maintenance\/\">de maintenance<\/a> et \u00e0 <a href=\"https:\/\/www.cogep.com\/control-maintenance-costs\/\">contr\u00f4ler vos d\u00e9penses<\/a>.<\/p>\n<\/div><\/div><\/div><div class=\"fusion-layout-column fusion_builder_column fusion-builder-column-6 fusion_builder_column_1_1 1_1 fusion-flex-column\" style=\"--awb-bg-blend:overlay;--awb-bg-size:cover;--awb-width-large:100%;--awb-margin-top-large:0px;--awb-spacing-right-large:1.92%;--awb-margin-bottom-large:0px;--awb-spacing-left-large:1.92%;--awb-width-medium:100%;--awb-spacing-right-medium:1.92%;--awb-spacing-left-medium:1.92%;--awb-width-small:100%;--awb-spacing-right-small:1.92%;--awb-spacing-left-small:1.92%;\"><div class=\"fusion-column-wrapper fusion-flex-justify-content-flex-start fusion-content-layout-column\"><div class=\"fusion-text fusion-text-7\"><h3><\/h3>\n<p><b><span style=\"color: #4a4e57; font-size: 16px;\" data-fusion-font=\"true\">Guide Ti, notre GMAO compl\u00e8te, vous permet de :<br \/>\n<\/span><\/b><\/p>\n<ul>\n<li>Augmenter le nombre de techniciens par planificateur.<\/li>\n<li>Int\u00e9grer les strat\u00e9gies de maintenance conditionnelle dans votre GMAO<\/li>\n<li>Am\u00e9liorer le temps d&rsquo;intervention<\/li>\n<li>Obtenir des donn\u00e9es pr\u00e9cises en temps r\u00e9el<\/li>\n<li>Optimiser le temps de fonctionnement de vos actifs.<\/li>\n<li>Faire un meilleur travail de maintenance avec moins de ressources<\/li>\n<li>Coordonner les travaux et les projets avec les autres d\u00e9partements<\/li>\n<li>Coordonner plusieurs \u00e9quipes et m\u00e9tiers<\/li>\n<\/ul>\n<h3 style=\"text-align: center;\"><strong>Contactez-nous pour une d\u00e9monstration de ce que Guide Ti peut faire pour vous !<\/strong><\/h3>\n<p style=\"text-align: center;\">Courriel : <a href=\"mailto: sales@cogep.com\">Cliquez ici pour envoyer un courriel<\/a><br \/>\nT\u00e9l\u00e9phone : 418-626-2503<br \/>\nSans frais : 1 877-424-2503<\/p>\n<\/div><\/div><\/div><\/div><\/div>\n","protected":false},"excerpt":{"rendered":"","protected":false},"author":6,"featured_media":0,"parent":0,"menu_order":0,"comment_status":"closed","ping_status":"closed","template":"","meta":{"footnotes":""},"class_list":["post-31063","page","type-page","status-publish","hentry"],"yoast_head":"<!-- This site is optimized with the Yoast SEO plugin v27.5 - https:\/\/yoast.com\/product\/yoast-seo-wordpress\/ -->\n<title>Processus de fiabilit\u00e9 - COGEP<\/title>\n<meta name=\"robots\" content=\"index, follow, max-snippet:-1, max-image-preview:large, max-video-preview:-1\" \/>\n<link rel=\"canonical\" href=\"https:\/\/www.cogep.com\/fr\/processus-de-fiabilite\/\" \/>\n<meta property=\"og:locale\" content=\"fr_FR\" \/>\n<meta property=\"og:type\" content=\"article\" \/>\n<meta property=\"og:title\" content=\"Processus de fiabilit\u00e9 - COGEP\" \/>\n<meta property=\"og:url\" content=\"https:\/\/www.cogep.com\/fr\/processus-de-fiabilite\/\" \/>\n<meta property=\"og:site_name\" content=\"COGEP\" \/>\n<meta property=\"article:modified_time\" content=\"2022-09-26T13:29:20+00:00\" \/>\n<meta name=\"twitter:card\" content=\"summary_large_image\" \/>\n<meta name=\"twitter:label1\" content=\"Dur\u00e9e de lecture estim\u00e9e\" \/>\n\t<meta name=\"twitter:data1\" content=\"5 minutes\" \/>\n<script type=\"application\/ld+json\" class=\"yoast-schema-graph\">{\"@context\":\"https:\\\/\\\/schema.org\",\"@graph\":[{\"@type\":\"WebPage\",\"@id\":\"https:\\\/\\\/www.cogep.com\\\/fr\\\/processus-de-fiabilite\\\/\",\"url\":\"https:\\\/\\\/www.cogep.com\\\/fr\\\/processus-de-fiabilite\\\/\",\"name\":\"Processus de fiabilit\u00e9 - COGEP\",\"isPartOf\":{\"@id\":\"https:\\\/\\\/www.cogep.com\\\/#website\"},\"datePublished\":\"2018-11-12T21:24:44+00:00\",\"dateModified\":\"2022-09-26T13:29:20+00:00\",\"breadcrumb\":{\"@id\":\"https:\\\/\\\/www.cogep.com\\\/fr\\\/processus-de-fiabilite\\\/#breadcrumb\"},\"inLanguage\":\"fr-FR\",\"potentialAction\":[{\"@type\":\"ReadAction\",\"target\":[\"https:\\\/\\\/www.cogep.com\\\/fr\\\/processus-de-fiabilite\\\/\"]}]},{\"@type\":\"BreadcrumbList\",\"@id\":\"https:\\\/\\\/www.cogep.com\\\/fr\\\/processus-de-fiabilite\\\/#breadcrumb\",\"itemListElement\":[{\"@type\":\"ListItem\",\"position\":1,\"name\":\"Home\",\"item\":\"https:\\\/\\\/www.cogep.com\\\/fr\\\/\"},{\"@type\":\"ListItem\",\"position\":2,\"name\":\"Processus de fiabilit\u00e9\"}]},{\"@type\":\"WebSite\",\"@id\":\"https:\\\/\\\/www.cogep.com\\\/#website\",\"url\":\"https:\\\/\\\/www.cogep.com\\\/\",\"name\":\"COGEP\",\"description\":\"Maintenance Management Software\",\"potentialAction\":[{\"@type\":\"SearchAction\",\"target\":{\"@type\":\"EntryPoint\",\"urlTemplate\":\"https:\\\/\\\/www.cogep.com\\\/?s={search_term_string}\"},\"query-input\":{\"@type\":\"PropertyValueSpecification\",\"valueRequired\":true,\"valueName\":\"search_term_string\"}}],\"inLanguage\":\"fr-FR\"}]}<\/script>\n<!-- \/ Yoast SEO plugin. -->","yoast_head_json":{"title":"Processus de fiabilit\u00e9 - COGEP","robots":{"index":"index","follow":"follow","max-snippet":"max-snippet:-1","max-image-preview":"max-image-preview:large","max-video-preview":"max-video-preview:-1"},"canonical":"https:\/\/www.cogep.com\/fr\/processus-de-fiabilite\/","og_locale":"fr_FR","og_type":"article","og_title":"Processus de fiabilit\u00e9 - COGEP","og_url":"https:\/\/www.cogep.com\/fr\/processus-de-fiabilite\/","og_site_name":"COGEP","article_modified_time":"2022-09-26T13:29:20+00:00","twitter_card":"summary_large_image","twitter_misc":{"Dur\u00e9e de lecture estim\u00e9e":"5 minutes"},"schema":{"@context":"https:\/\/schema.org","@graph":[{"@type":"WebPage","@id":"https:\/\/www.cogep.com\/fr\/processus-de-fiabilite\/","url":"https:\/\/www.cogep.com\/fr\/processus-de-fiabilite\/","name":"Processus de fiabilit\u00e9 - COGEP","isPartOf":{"@id":"https:\/\/www.cogep.com\/#website"},"datePublished":"2018-11-12T21:24:44+00:00","dateModified":"2022-09-26T13:29:20+00:00","breadcrumb":{"@id":"https:\/\/www.cogep.com\/fr\/processus-de-fiabilite\/#breadcrumb"},"inLanguage":"fr-FR","potentialAction":[{"@type":"ReadAction","target":["https:\/\/www.cogep.com\/fr\/processus-de-fiabilite\/"]}]},{"@type":"BreadcrumbList","@id":"https:\/\/www.cogep.com\/fr\/processus-de-fiabilite\/#breadcrumb","itemListElement":[{"@type":"ListItem","position":1,"name":"Home","item":"https:\/\/www.cogep.com\/fr\/"},{"@type":"ListItem","position":2,"name":"Processus de fiabilit\u00e9"}]},{"@type":"WebSite","@id":"https:\/\/www.cogep.com\/#website","url":"https:\/\/www.cogep.com\/","name":"COGEP","description":"Maintenance Management Software","potentialAction":[{"@type":"SearchAction","target":{"@type":"EntryPoint","urlTemplate":"https:\/\/www.cogep.com\/?s={search_term_string}"},"query-input":{"@type":"PropertyValueSpecification","valueRequired":true,"valueName":"search_term_string"}}],"inLanguage":"fr-FR"}]}},"_links":{"self":[{"href":"https:\/\/www.cogep.com\/fr\/wp-json\/wp\/v2\/pages\/31063","targetHints":{"allow":["GET"]}}],"collection":[{"href":"https:\/\/www.cogep.com\/fr\/wp-json\/wp\/v2\/pages"}],"about":[{"href":"https:\/\/www.cogep.com\/fr\/wp-json\/wp\/v2\/types\/page"}],"author":[{"embeddable":true,"href":"https:\/\/www.cogep.com\/fr\/wp-json\/wp\/v2\/users\/6"}],"replies":[{"embeddable":true,"href":"https:\/\/www.cogep.com\/fr\/wp-json\/wp\/v2\/comments?post=31063"}],"version-history":[{"count":0,"href":"https:\/\/www.cogep.com\/fr\/wp-json\/wp\/v2\/pages\/31063\/revisions"}],"wp:attachment":[{"href":"https:\/\/www.cogep.com\/fr\/wp-json\/wp\/v2\/media?parent=31063"}],"curies":[{"name":"wp","href":"https:\/\/api.w.org\/{rel}","templated":true}]}}